{"id":120,"date":"2025-11-09T22:51:00","date_gmt":"2025-11-09T21:51:00","guid":{"rendered":"https:\/\/qurv.de\/?page_id=120"},"modified":"2026-04-05T20:40:51","modified_gmt":"2026-04-05T18:40:51","slug":"mentions-legales","status":"publish","type":"page","link":"https:\/\/qurv.de\/fr\/impressum\/","title":{"rendered":"Mentions l\u00e9gales"},"content":{"rendered":"<div data-elementor-type=\"wp-page\" data-elementor-id=\"120\" class=\"elementor elementor-120\" data-elementor-post-type=\"page\">\n\t\t\t\t<div data-particle_enable=\"false\" data-particle-mobile-disabled=\"false\" class=\"elementor-element elementor-element-d250476 e-flex e-con-boxed e-con e-parent\" data-id=\"d250476\" data-element_type=\"container\" data-e-type=\"container\">\n\t\t\t\t\t<div class=\"e-con-inner\">\n\t\t\t\t<div class=\"elementor-element elementor-element-ceb8eec elementor-widget elementor-widget-text-editor\" data-id=\"ceb8eec\" data-element_type=\"widget\" data-e-type=\"widget\" data-widget_type=\"text-editor.default\">\n\t\t\t\t\t\t\t\t\t<div class=\"elementor-element elementor-element-896657b elementor-widget elementor-widget-heading\" data-id=\"896657b\" data-element_type=\"widget\" data-widget_type=\"heading.default\"><div class=\"elementor-widget-container\"><h1 class=\"elementor-heading-title elementor-size-default\">Mentions l\u00e9gales<\/h1><\/div><\/div><div class=\"elementor-element elementor-element-1df3ac0 elementor-widget elementor-widget-text-editor\" data-id=\"1df3ac0\" data-element_type=\"widget\" data-widget_type=\"text-editor.default\"><div class=\"elementor-widget-container\"><header class=\"clearfix\"><\/header><div><p>Informations conform\u00e9ment au \u00a7 5 TMG\u00a0<\/p><p>QURV GmbH<br \/>rue Eck 26<br \/>66557 Illingen<\/p><p>Registre du commerce : HRB 111964<\/p><p>Tribunal d'enregistrement : Tribunal d'instance de Sarrebruck<\/p><p>Direction : Julia Schmidt et Sascha Ningel<\/p><p>T\u00e9l\u00e9phone : 0049 1573 71 50 859<br \/>Courriel : info@qurv.de<\/p><\/div><p>L'avis l\u00e9gal s'applique \u00e9galement aux m\u00e9dias sociaux et \u00e0 d'autres pr\u00e9sences en ligne.<\/p><p><strong>Num\u00e9ro d'identification fiscale <\/strong><\/p><p>Le num\u00e9ro d'identification fiscale conform\u00e9ment au \u00a7 27 a de la loi sur la TVA est : DE461130705.<\/p><p><strong>Droits de marque \u2013 QURV<\/strong><\/p><p>\u201e QURV \u201c est enregistr\u00e9 aupr\u00e8s de l'Office allemand des brevets et des marques. Le certificat correspondant de la R\u00e9publique f\u00e9d\u00e9rale d'Allemagne est disponible.<\/p><h3><strong>Avertissement<\/strong><\/h3><p><strong>Responsabilit\u00e9 du contenu<\/strong><\/p><p>Les contenus de nos pages ont \u00e9t\u00e9 cr\u00e9\u00e9s avec le plus grand soin. Nous ne pouvons toutefois garantir l'exactitude, l'exhaustivit\u00e9 et l'actualit\u00e9 des contenus. En tant que prestataire de services, nous sommes responsables conform\u00e9ment au \u00a7 7 al. 1 TMG de nos propres contenus sur ces pages, selon les lois g\u00e9n\u00e9rales. Conform\u00e9ment aux \u00a7\u00a7 8 \u00e0 10 TMG, nous ne sommes toutefois pas oblig\u00e9s, en tant que prestataire de services, de surveiller les informations externes transmises ou enregistr\u00e9es ou de rechercher des circonstances indiquant une activit\u00e9 ill\u00e9gale. Les obligations de suppression ou de blocage de l'utilisation d'informations conform\u00e9ment aux lois g\u00e9n\u00e9rales restent inchang\u00e9es. Une responsabilit\u00e9 \u00e0 cet \u00e9gard n'est toutefois possible qu'\u00e0 partir du moment o\u00f9 une violation concr\u00e8te du droit est connue. En cas de prise de connaissance de violations du droit correspondantes, nous supprimerons imm\u00e9diatement ces contenus.<\/p><p><strong>Responsabilit\u00e9 des liens<\/strong><\/p><p>Notre offre contient des liens vers des sites web externes de tiers sur lesquels nous n'avons aucune influence. C'est pourquoi nous ne pouvons assumer aucune responsabilit\u00e9 quant \u00e0 ces contenus externes. La responsabilit\u00e9 du contenu des pages li\u00e9es incombe toujours au fournisseur ou \u00e0 l'exploitant respectif de ces pages. Les pages li\u00e9es ont \u00e9t\u00e9 v\u00e9rifi\u00e9es au moment du lien pour d\u00e9tecter d'\u00e9ventuelles violations de la loi. Aucun contenu ill\u00e9gal n'\u00e9tait identifiable au moment de la mise en place du lien. Cependant, un contr\u00f4le permanent du contenu des pages li\u00e9es n'est pas raisonnable sans indications concr\u00e8tes d'une violation de la loi. D\u00e8s que des violations de la loi seront signal\u00e9es, nous supprimerons imm\u00e9diatement de tels liens.<\/p><p><strong>Droits d'auteur<\/strong><\/p><p>Les contenus et \u0153uvres cr\u00e9\u00e9s par les exploitants de ces pages sont soumis au droit d'auteur allemand. La reproduction, le traitement, la diffusion et toute forme d'exploitation en dehors des limites du droit d'auteur n\u00e9cessitent l'accord \u00e9crit de l'auteur ou du cr\u00e9ateur respectif. Le t\u00e9l\u00e9chargement et la copie de cette page sont autoris\u00e9s uniquement pour un usage priv\u00e9 et non commercial. Dans la mesure o\u00f9 les contenus de cette page n'ont pas \u00e9t\u00e9 cr\u00e9\u00e9s par l'exploitant, les droits d'auteur de tiers sont respect\u00e9s. En particulier, les contenus de tiers sont identifi\u00e9s comme tels. Si vous prenez n\u00e9anmoins connaissance d'une violation du droit d'auteur, nous vous prions d'en informer notre personnel. D\u00e8s que des violations de droit seront connues, nous supprimerons ces contenus imm\u00e9diatement.<\/p><\/div><\/div>\t\t\t\t\t\t\t\t<\/div>\n\t\t\t\t\t<\/div>\n\t\t\t\t<\/div>\n\t\t\t\t<\/div>","protected":false},"excerpt":{"rendered":"<p>Impressum Angaben gem\u00e4\u00df \u00a7 5 TMG\u00a0 QURV GmbHEckstra\u00dfe 2666557 Illingen Handelsregister: HRB 111964 Registergericht: Amtsgericht Saarbr\u00fccken Gesch\u00e4ftsf\u00fchrung: Julia Schmidt &amp; Sascha Ningel Telefon: 0049 1573 71 50 859E-Mail: info@qurv.de Das Impressum gilt auch f\u00fcr Soziale Medien und andere Onlinepr\u00e4senzen. Umsatzsteuer \u2013 Identifikationsnummer Die Umsatzsteuer \u2013 Identifikationsnummer gem\u00e4\u00df \u00a7 27 a Umsatzsteuergesetz lautet: DE461130705. Markenrechte \u2013&hellip;&nbsp;<\/p>","protected":false},"author":3,"featured_media":0,"parent":0,"menu_order":0,"comment_status":"closed","ping_status":"closed","template":"page-templates\/template-pagebuilder-full-width.php","meta":{"neve_meta_sidebar":"","neve_meta_container":"","neve_meta_enable_content_width":"","neve_meta_content_width":0,"neve_meta_title_alignment":"","neve_meta_author_avatar":"","neve_post_elements_order":"","neve_meta_disable_header":"","neve_meta_disable_footer":"","neve_meta_disable_title":"","footnotes":""},"class_list":["post-120","page","type-page","status-publish","hentry"],"yoast_head":"<!-- This site is optimized with the Yoast SEO plugin v27.5 - https:\/\/yoast.com\/product\/yoast-seo-wordpress\/ -->\n<title>Impressum - QURV - Das Band<\/title>\n<meta name=\"description\" content=\"QURV \u2013 Das Band ist ein Lifestyle Band. Es sitzt angenehm, wirkt edel und zieht den Blick an. Ein Must Have, das deinem Stil Ruhe und Pr\u00e4senz gibt.QURV \u2013 Das Band.\" \/>\n<meta name=\"robots\" content=\"index, follow, max-snippet:-1, max-image-preview:large, max-video-preview:-1\" \/>\n<link rel=\"canonical\" href=\"https:\/\/qurv.de\/fr\/mentions-legales\/\" \/>\n<meta property=\"og:locale\" content=\"fr_FR\" \/>\n<meta property=\"og:type\" content=\"article\" \/>\n<meta property=\"og:title\" content=\"Impressum - QURV - Das Band\" \/>\n<meta property=\"og:description\" content=\"QURV \u2013 Das Band ist ein Lifestyle Band. Es sitzt angenehm, wirkt edel und zieht den Blick an. Ein Must Have, das deinem Stil Ruhe und Pr\u00e4senz gibt.QURV \u2013 Das Band.\" \/>\n<meta property=\"og:url\" content=\"https:\/\/qurv.de\/fr\/mentions-legales\/\" \/>\n<meta property=\"og:site_name\" content=\"QURV - Das Band\" \/>\n<meta property=\"article:modified_time\" content=\"2026-04-05T18:40:51+00:00\" \/>\n<meta property=\"og:image\" content=\"https:\/\/qurv.de\/wp-content\/uploads\/sites\/5\/2025\/10\/PHOTO-2025-10-23-15-32-57-scaled.jpg\" \/>\n\t<meta property=\"og:image:width\" content=\"2560\" \/>\n\t<meta property=\"og:image:height\" content=\"1231\" \/>\n\t<meta property=\"og:image:type\" content=\"image\/jpeg\" \/>\n<meta name=\"twitter:card\" content=\"summary_large_image\" \/>\n<meta name=\"twitter:label1\" content=\"Dur\u00e9e de lecture estim\u00e9e\" \/>\n\t<meta name=\"twitter:data1\" content=\"3 minutes\" \/>\n<script type=\"application\/ld+json\" class=\"yoast-schema-graph\">{\"@context\":\"https:\\\/\\\/schema.org\",\"@graph\":[{\"@type\":\"WebPage\",\"@id\":\"https:\\\/\\\/qurv.de\\\/impressum\\\/\",\"url\":\"https:\\\/\\\/qurv.de\\\/impressum\\\/\",\"name\":\"Impressum - QURV - Das Band\",\"isPartOf\":{\"@id\":\"https:\\\/\\\/qurv.de\\\/#website\"},\"datePublished\":\"2025-11-09T21:51:00+00:00\",\"dateModified\":\"2026-04-05T18:40:51+00:00\",\"description\":\"QURV \u2013 Das Band ist ein Lifestyle Band. Es sitzt angenehm, wirkt edel und zieht den Blick an. Ein Must Have, das deinem Stil Ruhe und Pr\u00e4senz gibt.QURV \u2013 Das Band.\",\"breadcrumb\":{\"@id\":\"https:\\\/\\\/qurv.de\\\/impressum\\\/#breadcrumb\"},\"inLanguage\":\"fr-FR\",\"potentialAction\":[{\"@type\":\"ReadAction\",\"target\":[\"https:\\\/\\\/qurv.de\\\/impressum\\\/\"]}]},{\"@type\":\"BreadcrumbList\",\"@id\":\"https:\\\/\\\/qurv.de\\\/impressum\\\/#breadcrumb\",\"itemListElement\":[{\"@type\":\"ListItem\",\"position\":1,\"name\":\"Startseite\",\"item\":\"https:\\\/\\\/qurv.de\\\/\"},{\"@type\":\"ListItem\",\"position\":2,\"name\":\"Impressum\"}]},{\"@type\":\"WebSite\",\"@id\":\"https:\\\/\\\/qurv.de\\\/#website\",\"url\":\"https:\\\/\\\/qurv.de\\\/\",\"name\":\"QURV - Das Band\",\"description\":\"\",\"publisher\":{\"@id\":\"https:\\\/\\\/qurv.de\\\/#organization\"},\"potentialAction\":[{\"@type\":\"SearchAction\",\"target\":{\"@type\":\"EntryPoint\",\"urlTemplate\":\"https:\\\/\\\/qurv.de\\\/?s={search_term_string}\"},\"query-input\":{\"@type\":\"PropertyValueSpecification\",\"valueRequired\":true,\"valueName\":\"search_term_string\"}}],\"inLanguage\":\"fr-FR\"},{\"@type\":\"Organization\",\"@id\":\"https:\\\/\\\/qurv.de\\\/#organization\",\"name\":\"QURV - Das Band\",\"url\":\"https:\\\/\\\/qurv.de\\\/\",\"logo\":{\"@type\":\"ImageObject\",\"inLanguage\":\"fr-FR\",\"@id\":\"https:\\\/\\\/qurv.de\\\/#\\\/schema\\\/logo\\\/image\\\/\",\"url\":\"https:\\\/\\\/qurv.de\\\/wp-content\\\/uploads\\\/sites\\\/5\\\/2025\\\/10\\\/PHOTO-2025-10-23-15-30-16-e1762728059460.jpg\",\"contentUrl\":\"https:\\\/\\\/qurv.de\\\/wp-content\\\/uploads\\\/sites\\\/5\\\/2025\\\/10\\\/PHOTO-2025-10-23-15-30-16-e1762728059460.jpg\",\"width\":826,\"height\":800,\"caption\":\"QURV - Das Band\"},\"image\":{\"@id\":\"https:\\\/\\\/qurv.de\\\/#\\\/schema\\\/logo\\\/image\\\/\"}}]}<\/script>\n<!-- \/ Yoast SEO plugin. -->","yoast_head_json":{"title":"Impressum - QURV - Le groupe","description":"QURV \u2013 Le bracelet est un bracelet de style de vie. Il est confortable, a une apparence \u00e9l\u00e9gante et attire le regard. Un indispensable qui donne \u00e0 votre style calme et pr\u00e9sence. QURV \u2013 Le bracelet.","robots":{"index":"index","follow":"follow","max-snippet":"max-snippet:-1","max-image-preview":"max-image-preview:large","max-video-preview":"max-video-preview:-1"},"canonical":"https:\/\/qurv.de\/fr\/mentions-legales\/","og_locale":"fr_FR","og_type":"article","og_title":"Impressum - QURV - Das Band","og_description":"QURV \u2013 Das Band ist ein Lifestyle Band. Es sitzt angenehm, wirkt edel und zieht den Blick an. Ein Must Have, das deinem Stil Ruhe und Pr\u00e4senz gibt.QURV \u2013 Das Band.","og_url":"https:\/\/qurv.de\/fr\/mentions-legales\/","og_site_name":"QURV - Das Band","article_modified_time":"2026-04-05T18:40:51+00:00","og_image":[{"width":2560,"height":1231,"url":"https:\/\/qurv.de\/wp-content\/uploads\/sites\/5\/2025\/10\/PHOTO-2025-10-23-15-32-57-scaled.jpg","type":"image\/jpeg"}],"twitter_card":"summary_large_image","twitter_misc":{"Dur\u00e9e de lecture estim\u00e9e":"3 minutes"},"schema":{"@context":"https:\/\/schema.org","@graph":[{"@type":"WebPage","@id":"https:\/\/qurv.de\/impressum\/","url":"https:\/\/qurv.de\/impressum\/","name":"Impressum - QURV - Le groupe","isPartOf":{"@id":"https:\/\/qurv.de\/#website"},"datePublished":"2025-11-09T21:51:00+00:00","dateModified":"2026-04-05T18:40:51+00:00","description":"QURV \u2013 Le bracelet est un bracelet de style de vie. Il est confortable, a une apparence \u00e9l\u00e9gante et attire le regard. Un indispensable qui donne \u00e0 votre style calme et pr\u00e9sence. QURV \u2013 Le bracelet.","breadcrumb":{"@id":"https:\/\/qurv.de\/impressum\/#breadcrumb"},"inLanguage":"fr-FR","potentialAction":[{"@type":"ReadAction","target":["https:\/\/qurv.de\/impressum\/"]}]},{"@type":"BreadcrumbList","@id":"https:\/\/qurv.de\/impressum\/#breadcrumb","itemListElement":[{"@type":"ListItem","position":1,"name":"Startseite","item":"https:\/\/qurv.de\/"},{"@type":"ListItem","position":2,"name":"Impressum"}]},{"@type":"WebSite","@id":"https:\/\/qurv.de\/#website","url":"https:\/\/qurv.de\/","name":"QURV - Le groupe","description":"","publisher":{"@id":"https:\/\/qurv.de\/#organization"},"potentialAction":[{"@type":"SearchAction","target":{"@type":"EntryPoint","urlTemplate":"https:\/\/qurv.de\/?s={search_term_string}"},"query-input":{"@type":"PropertyValueSpecification","valueRequired":true,"valueName":"search_term_string"}}],"inLanguage":"fr-FR"},{"@type":"Organization","@id":"https:\/\/qurv.de\/#organization","name":"QURV - Le groupe","url":"https:\/\/qurv.de\/","logo":{"@type":"ImageObject","inLanguage":"fr-FR","@id":"https:\/\/qurv.de\/#\/schema\/logo\/image\/","url":"https:\/\/qurv.de\/wp-content\/uploads\/sites\/5\/2025\/10\/PHOTO-2025-10-23-15-30-16-e1762728059460.jpg","contentUrl":"https:\/\/qurv.de\/wp-content\/uploads\/sites\/5\/2025\/10\/PHOTO-2025-10-23-15-30-16-e1762728059460.jpg","width":826,"height":800,"caption":"QURV - Das Band"},"image":{"@id":"https:\/\/qurv.de\/#\/schema\/logo\/image\/"}}]}},"_links":{"self":[{"href":"https:\/\/qurv.de\/fr\/wp-json\/wp\/v2\/pages\/120","targetHints":{"allow":["GET"]}}],"collection":[{"href":"https:\/\/qurv.de\/fr\/wp-json\/wp\/v2\/pages"}],"about":[{"href":"https:\/\/qurv.de\/fr\/wp-json\/wp\/v2\/types\/page"}],"author":[{"embeddable":true,"href":"https:\/\/qurv.de\/fr\/wp-json\/wp\/v2\/users\/3"}],"replies":[{"embeddable":true,"href":"https:\/\/qurv.de\/fr\/wp-json\/wp\/v2\/comments?post=120"}],"version-history":[{"count":41,"href":"https:\/\/qurv.de\/fr\/wp-json\/wp\/v2\/pages\/120\/revisions"}],"predecessor-version":[{"id":746,"href":"https:\/\/qurv.de\/fr\/wp-json\/wp\/v2\/pages\/120\/revisions\/746"}],"wp:attachment":[{"href":"https:\/\/qurv.de\/fr\/wp-json\/wp\/v2\/media?parent=120"}],"curies":[{"name":"wp","href":"https:\/\/api.w.org\/{rel}","templated":true}]}}