{"id":120,"date":"2025-11-09T22:51:00","date_gmt":"2025-11-09T21:51:00","guid":{"rendered":"https:\/\/qurv.de\/?page_id=120"},"modified":"2026-04-05T20:40:51","modified_gmt":"2026-04-05T18:40:51","slug":"aviso-legal","status":"publish","type":"page","link":"https:\/\/qurv.de\/es\/impressum\/","title":{"rendered":"Pie de imprenta"},"content":{"rendered":"<div data-elementor-type=\"wp-page\" data-elementor-id=\"120\" class=\"elementor elementor-120\" data-elementor-post-type=\"page\">\n\t\t\t\t<div data-particle_enable=\"false\" data-particle-mobile-disabled=\"false\" class=\"elementor-element elementor-element-d250476 e-flex e-con-boxed e-con e-parent\" data-id=\"d250476\" data-element_type=\"container\" data-e-type=\"container\">\n\t\t\t\t\t<div class=\"e-con-inner\">\n\t\t\t\t<div class=\"elementor-element elementor-element-ceb8eec elementor-widget elementor-widget-text-editor\" data-id=\"ceb8eec\" data-element_type=\"widget\" data-e-type=\"widget\" data-widget_type=\"text-editor.default\">\n\t\t\t\t\t\t\t\t\t<div class=\"elementor-element elementor-element-896657b elementor-widget elementor-widget-heading\" data-id=\"896657b\" data-element_type=\"widget\" data-widget_type=\"heading.default\"><div class=\"elementor-widget-container\"><h1 class=\"elementor-heading-title elementor-size-default\">Pie de imprenta<\/h1><\/div><\/div><div class=\"elementor-element elementor-element-1df3ac0 elementor-widget elementor-widget-text-editor\" data-id=\"1df3ac0\" data-element_type=\"widget\" data-widget_type=\"text-editor.default\"><div class=\"elementor-widget-container\"><header class=\"clearfix\"><\/header><div><p>Informaci\u00f3n seg\u00fan \u00a7 5 TMG\u00a0<\/p><p>QURV GmbH<br \/>Eckstra\u00dfe 26<br \/>66557 Illingen<\/p><p>Registro Mercantil: HRB 111964<\/p><p>Registro: Tribunal de Distrito de Saarbr\u00fccken<\/p><p>Direcci\u00f3n: Julia Schmidt y Sascha Ningel<\/p><p>Tel\u00e9fono: 0049 1573 71 50 859<br \/>Correo electr\u00f3nico: info@qurv.de<\/p><\/div><p>El aviso legal tambi\u00e9n se aplica a las redes sociales y otras presencias en l\u00ednea.<\/p><p><strong>N\u00famero de identificaci\u00f3n a efectos del IVA <\/strong><\/p><p>El n\u00famero de identificaci\u00f3n a efectos del impuesto sobre el valor a\u00f1adido, con arreglo al \u00a7 27 a de la Ley del impuesto sobre el valor a\u00f1adido, es: DE461130705.<\/p><p><strong>Derechos de marca \u2013 QURV<\/strong><\/p><p>\u201eQURV\u201c est\u00e1 registrado en la Oficina de Patentes y Marcas de Alemania. Se dispone del correspondiente certificado de la Rep\u00fablica Federal de Alemania.<\/p><h3><strong>Descargo de responsabilidad<\/strong><\/h3><p><strong>Responsabilidad por contenidos<\/strong><\/p><p>Los contenidos de nuestras p\u00e1ginas han sido creados con el m\u00e1ximo cuidado. Sin embargo, no podemos garantizar la exactitud, integridad y actualidad de los contenidos. Como proveedor de servicios, somos responsables de nuestros propios contenidos en estas p\u00e1ginas seg\u00fan las leyes generales, de acuerdo con el \u00a7 7, apartado 1, de la Ley alemana de Teleservicios (TMG). Sin embargo, de acuerdo con los \u00a7\u00a7 8 a 10 de la TMG, como proveedor de servicios no estamos obligados a supervisar informaci\u00f3n de terceros transmitida o almacenada ni a investigar circunstancias que indiquen una actividad ilegal. Las obligaciones de eliminar o bloquear el uso de informaci\u00f3n seg\u00fan las leyes generales no se ven afectadas por ello. Sin embargo, la responsabilidad en este sentido solo es posible a partir del momento en que se tenga conocimiento de una infracci\u00f3n concreta de la ley. Tan pronto como se tenga conocimiento de las infracciones legales correspondientes, eliminaremos dichos contenidos de inmediato.<\/p><p><strong>Responsabilidad por enlaces<\/strong><\/p><p>Nuestra oferta incluye enlaces a p\u00e1ginas web externas de terceros sobre cuyos contenidos no tenemos ninguna influencia. Por ello, tampoco podemos asumir ninguna garant\u00eda por estos contenidos externos. El respectivo proveedor u operador de las p\u00e1ginas es siempre responsable de los contenidos de las p\u00e1ginas enlazadas. Las p\u00e1ginas enlazadas fueron revisadas en busca de posibles infracciones legales en el momento del enlace. No se detectaron contenidos ilegales en el momento del enlace. Sin embargo, un control permanente del contenido de las p\u00e1ginas enlazadas no es razonable sin indicios concretos de una infracci\u00f3n legal. Tan pronto como se tenga conocimiento de infracciones legales, eliminaremos dichos enlaces de inmediato.<\/p><p><strong>Derechos de autor<\/strong><\/p><p>Los contenidos y obras creados por los operadores del sitio est\u00e1n sujetos a la ley alemana de derechos de autor. La reproducci\u00f3n, edici\u00f3n, distribuci\u00f3n y cualquier tipo de explotaci\u00f3n fuera de los l\u00edmites de la ley de derechos de autor requieren el consentimiento por escrito del autor o creador respectivo. Las descargas y copias de este sitio solo est\u00e1n permitidas para uso privado y no comercial. En la medida en que los contenidos de este sitio no hayan sido creados por el operador, se respetar\u00e1n los derechos de autor de terceros. En particular, los contenidos de terceros se identificar\u00e1n como tales. Sin embargo, si se da cuenta de una infracci\u00f3n de derechos de autor, le agradecer\u00edamos que nos lo hiciera saber. Si se tiene conocimiento de infracciones, eliminaremos dichos contenidos de inmediato.<\/p><\/div><\/div>\t\t\t\t\t\t\t\t<\/div>\n\t\t\t\t\t<\/div>\n\t\t\t\t<\/div>\n\t\t\t\t<\/div>","protected":false},"excerpt":{"rendered":"<p>Impressum Angaben gem\u00e4\u00df \u00a7 5 TMG\u00a0 QURV GmbHEckstra\u00dfe 2666557 Illingen Handelsregister: HRB 111964 Registergericht: Amtsgericht Saarbr\u00fccken Gesch\u00e4ftsf\u00fchrung: Julia Schmidt &amp; Sascha Ningel Telefon: 0049 1573 71 50 859E-Mail: info@qurv.de Das Impressum gilt auch f\u00fcr Soziale Medien und andere Onlinepr\u00e4senzen. Umsatzsteuer \u2013 Identifikationsnummer Die Umsatzsteuer \u2013 Identifikationsnummer gem\u00e4\u00df \u00a7 27 a Umsatzsteuergesetz lautet: DE461130705. Markenrechte \u2013&hellip;&nbsp;<\/p>","protected":false},"author":3,"featured_media":0,"parent":0,"menu_order":0,"comment_status":"closed","ping_status":"closed","template":"page-templates\/template-pagebuilder-full-width.php","meta":{"neve_meta_sidebar":"","neve_meta_container":"","neve_meta_enable_content_width":"","neve_meta_content_width":0,"neve_meta_title_alignment":"","neve_meta_author_avatar":"","neve_post_elements_order":"","neve_meta_disable_header":"","neve_meta_disable_footer":"","neve_meta_disable_title":"","footnotes":""},"class_list":["post-120","page","type-page","status-publish","hentry"],"yoast_head":"<!-- This site is optimized with the Yoast SEO plugin v27.5 - https:\/\/yoast.com\/product\/yoast-seo-wordpress\/ -->\n<title>Impressum - QURV - Das Band<\/title>\n<meta name=\"description\" content=\"QURV \u2013 Das Band ist ein Lifestyle Band. Es sitzt angenehm, wirkt edel und zieht den Blick an. Ein Must Have, das deinem Stil Ruhe und Pr\u00e4senz gibt.QURV \u2013 Das Band.\" \/>\n<meta name=\"robots\" content=\"index, follow, max-snippet:-1, max-image-preview:large, max-video-preview:-1\" \/>\n<link rel=\"canonical\" href=\"https:\/\/qurv.de\/es\/aviso-legal\/\" \/>\n<meta property=\"og:locale\" content=\"es_ES\" \/>\n<meta property=\"og:type\" content=\"article\" \/>\n<meta property=\"og:title\" content=\"Impressum - QURV - Das Band\" \/>\n<meta property=\"og:description\" content=\"QURV \u2013 Das Band ist ein Lifestyle Band. Es sitzt angenehm, wirkt edel und zieht den Blick an. Ein Must Have, das deinem Stil Ruhe und Pr\u00e4senz gibt.QURV \u2013 Das Band.\" \/>\n<meta property=\"og:url\" content=\"https:\/\/qurv.de\/es\/aviso-legal\/\" \/>\n<meta property=\"og:site_name\" content=\"QURV - Das Band\" \/>\n<meta property=\"article:modified_time\" content=\"2026-04-05T18:40:51+00:00\" \/>\n<meta property=\"og:image\" content=\"https:\/\/qurv.de\/wp-content\/uploads\/sites\/5\/2025\/10\/PHOTO-2025-10-23-15-32-57-scaled.jpg\" \/>\n\t<meta property=\"og:image:width\" content=\"2560\" \/>\n\t<meta property=\"og:image:height\" content=\"1231\" \/>\n\t<meta property=\"og:image:type\" content=\"image\/jpeg\" \/>\n<meta name=\"twitter:card\" content=\"summary_large_image\" \/>\n<meta name=\"twitter:label1\" content=\"Tiempo de lectura\" \/>\n\t<meta name=\"twitter:data1\" content=\"3 minutos\" \/>\n<script type=\"application\/ld+json\" class=\"yoast-schema-graph\">{\"@context\":\"https:\\\/\\\/schema.org\",\"@graph\":[{\"@type\":\"WebPage\",\"@id\":\"https:\\\/\\\/qurv.de\\\/impressum\\\/\",\"url\":\"https:\\\/\\\/qurv.de\\\/impressum\\\/\",\"name\":\"Impressum - QURV - Das Band\",\"isPartOf\":{\"@id\":\"https:\\\/\\\/qurv.de\\\/#website\"},\"datePublished\":\"2025-11-09T21:51:00+00:00\",\"dateModified\":\"2026-04-05T18:40:51+00:00\",\"description\":\"QURV \u2013 Das Band ist ein Lifestyle Band. Es sitzt angenehm, wirkt edel und zieht den Blick an. Ein Must Have, das deinem Stil Ruhe und Pr\u00e4senz gibt.QURV \u2013 Das Band.\",\"breadcrumb\":{\"@id\":\"https:\\\/\\\/qurv.de\\\/impressum\\\/#breadcrumb\"},\"inLanguage\":\"es\",\"potentialAction\":[{\"@type\":\"ReadAction\",\"target\":[\"https:\\\/\\\/qurv.de\\\/impressum\\\/\"]}]},{\"@type\":\"BreadcrumbList\",\"@id\":\"https:\\\/\\\/qurv.de\\\/impressum\\\/#breadcrumb\",\"itemListElement\":[{\"@type\":\"ListItem\",\"position\":1,\"name\":\"Startseite\",\"item\":\"https:\\\/\\\/qurv.de\\\/\"},{\"@type\":\"ListItem\",\"position\":2,\"name\":\"Impressum\"}]},{\"@type\":\"WebSite\",\"@id\":\"https:\\\/\\\/qurv.de\\\/#website\",\"url\":\"https:\\\/\\\/qurv.de\\\/\",\"name\":\"QURV - Das Band\",\"description\":\"\",\"publisher\":{\"@id\":\"https:\\\/\\\/qurv.de\\\/#organization\"},\"potentialAction\":[{\"@type\":\"SearchAction\",\"target\":{\"@type\":\"EntryPoint\",\"urlTemplate\":\"https:\\\/\\\/qurv.de\\\/?s={search_term_string}\"},\"query-input\":{\"@type\":\"PropertyValueSpecification\",\"valueRequired\":true,\"valueName\":\"search_term_string\"}}],\"inLanguage\":\"es\"},{\"@type\":\"Organization\",\"@id\":\"https:\\\/\\\/qurv.de\\\/#organization\",\"name\":\"QURV - Das Band\",\"url\":\"https:\\\/\\\/qurv.de\\\/\",\"logo\":{\"@type\":\"ImageObject\",\"inLanguage\":\"es\",\"@id\":\"https:\\\/\\\/qurv.de\\\/#\\\/schema\\\/logo\\\/image\\\/\",\"url\":\"https:\\\/\\\/qurv.de\\\/wp-content\\\/uploads\\\/sites\\\/5\\\/2025\\\/10\\\/PHOTO-2025-10-23-15-30-16-e1762728059460.jpg\",\"contentUrl\":\"https:\\\/\\\/qurv.de\\\/wp-content\\\/uploads\\\/sites\\\/5\\\/2025\\\/10\\\/PHOTO-2025-10-23-15-30-16-e1762728059460.jpg\",\"width\":826,\"height\":800,\"caption\":\"QURV - Das Band\"},\"image\":{\"@id\":\"https:\\\/\\\/qurv.de\\\/#\\\/schema\\\/logo\\\/image\\\/\"}}]}<\/script>\n<!-- \/ Yoast SEO plugin. -->","yoast_head_json":{"title":"Impressum - QURV - La Banda","description":"QURV \u2013 La correa es una correa de estilo de vida. Se siente c\u00f3moda, luce elegante y atrae las miradas. Imprescindible que aporta tranquilidad y presencia a tu estilo. QURV \u2013 La correa.","robots":{"index":"index","follow":"follow","max-snippet":"max-snippet:-1","max-image-preview":"max-image-preview:large","max-video-preview":"max-video-preview:-1"},"canonical":"https:\/\/qurv.de\/es\/aviso-legal\/","og_locale":"es_ES","og_type":"article","og_title":"Impressum - QURV - Das Band","og_description":"QURV \u2013 Das Band ist ein Lifestyle Band. Es sitzt angenehm, wirkt edel und zieht den Blick an. Ein Must Have, das deinem Stil Ruhe und Pr\u00e4senz gibt.QURV \u2013 Das Band.","og_url":"https:\/\/qurv.de\/es\/aviso-legal\/","og_site_name":"QURV - Das Band","article_modified_time":"2026-04-05T18:40:51+00:00","og_image":[{"width":2560,"height":1231,"url":"https:\/\/qurv.de\/wp-content\/uploads\/sites\/5\/2025\/10\/PHOTO-2025-10-23-15-32-57-scaled.jpg","type":"image\/jpeg"}],"twitter_card":"summary_large_image","twitter_misc":{"Tiempo de lectura":"3 minutos"},"schema":{"@context":"https:\/\/schema.org","@graph":[{"@type":"WebPage","@id":"https:\/\/qurv.de\/impressum\/","url":"https:\/\/qurv.de\/impressum\/","name":"Impressum - QURV - La Banda","isPartOf":{"@id":"https:\/\/qurv.de\/#website"},"datePublished":"2025-11-09T21:51:00+00:00","dateModified":"2026-04-05T18:40:51+00:00","description":"QURV \u2013 La correa es una correa de estilo de vida. Se siente c\u00f3moda, luce elegante y atrae las miradas. Imprescindible que aporta tranquilidad y presencia a tu estilo. QURV \u2013 La correa.","breadcrumb":{"@id":"https:\/\/qurv.de\/impressum\/#breadcrumb"},"inLanguage":"es","potentialAction":[{"@type":"ReadAction","target":["https:\/\/qurv.de\/impressum\/"]}]},{"@type":"BreadcrumbList","@id":"https:\/\/qurv.de\/impressum\/#breadcrumb","itemListElement":[{"@type":"ListItem","position":1,"name":"Startseite","item":"https:\/\/qurv.de\/"},{"@type":"ListItem","position":2,"name":"Impressum"}]},{"@type":"WebSite","@id":"https:\/\/qurv.de\/#website","url":"https:\/\/qurv.de\/","name":"QURV - La banda","description":"","publisher":{"@id":"https:\/\/qurv.de\/#organization"},"potentialAction":[{"@type":"SearchAction","target":{"@type":"EntryPoint","urlTemplate":"https:\/\/qurv.de\/?s={search_term_string}"},"query-input":{"@type":"PropertyValueSpecification","valueRequired":true,"valueName":"search_term_string"}}],"inLanguage":"es"},{"@type":"Organization","@id":"https:\/\/qurv.de\/#organization","name":"QURV - La banda","url":"https:\/\/qurv.de\/","logo":{"@type":"ImageObject","inLanguage":"es","@id":"https:\/\/qurv.de\/#\/schema\/logo\/image\/","url":"https:\/\/qurv.de\/wp-content\/uploads\/sites\/5\/2025\/10\/PHOTO-2025-10-23-15-30-16-e1762728059460.jpg","contentUrl":"https:\/\/qurv.de\/wp-content\/uploads\/sites\/5\/2025\/10\/PHOTO-2025-10-23-15-30-16-e1762728059460.jpg","width":826,"height":800,"caption":"QURV - Das Band"},"image":{"@id":"https:\/\/qurv.de\/#\/schema\/logo\/image\/"}}]}},"_links":{"self":[{"href":"https:\/\/qurv.de\/es\/wp-json\/wp\/v2\/pages\/120","targetHints":{"allow":["GET"]}}],"collection":[{"href":"https:\/\/qurv.de\/es\/wp-json\/wp\/v2\/pages"}],"about":[{"href":"https:\/\/qurv.de\/es\/wp-json\/wp\/v2\/types\/page"}],"author":[{"embeddable":true,"href":"https:\/\/qurv.de\/es\/wp-json\/wp\/v2\/users\/3"}],"replies":[{"embeddable":true,"href":"https:\/\/qurv.de\/es\/wp-json\/wp\/v2\/comments?post=120"}],"version-history":[{"count":41,"href":"https:\/\/qurv.de\/es\/wp-json\/wp\/v2\/pages\/120\/revisions"}],"predecessor-version":[{"id":746,"href":"https:\/\/qurv.de\/es\/wp-json\/wp\/v2\/pages\/120\/revisions\/746"}],"wp:attachment":[{"href":"https:\/\/qurv.de\/es\/wp-json\/wp\/v2\/media?parent=120"}],"curies":[{"name":"wp","href":"https:\/\/api.w.org\/{rel}","templated":true}]}}