{"id":120,"date":"2025-11-09T22:51:00","date_gmt":"2025-11-09T21:51:00","guid":{"rendered":"https:\/\/qurv.de\/?page_id=120"},"modified":"2026-04-05T20:40:51","modified_gmt":"2026-04-05T18:40:51","slug":"imprint","status":"publish","type":"page","link":"https:\/\/qurv.de\/en\/impressum\/","title":{"rendered":"Imprint"},"content":{"rendered":"<div data-elementor-type=\"wp-page\" data-elementor-id=\"120\" class=\"elementor elementor-120\" data-elementor-post-type=\"page\">\n\t\t\t\t<div data-particle_enable=\"false\" data-particle-mobile-disabled=\"false\" class=\"elementor-element elementor-element-d250476 e-flex e-con-boxed e-con e-parent\" data-id=\"d250476\" data-element_type=\"container\" data-e-type=\"container\">\n\t\t\t\t\t<div class=\"e-con-inner\">\n\t\t\t\t<div class=\"elementor-element elementor-element-ceb8eec elementor-widget elementor-widget-text-editor\" data-id=\"ceb8eec\" data-element_type=\"widget\" data-e-type=\"widget\" data-widget_type=\"text-editor.default\">\n\t\t\t\t\t\t\t\t\t<div class=\"elementor-element elementor-element-896657b elementor-widget elementor-widget-heading\" data-id=\"896657b\" data-element_type=\"widget\" data-widget_type=\"heading.default\"><div class=\"elementor-widget-container\"><h1 class=\"elementor-heading-title elementor-size-default\">Imprint<\/h1><\/div><\/div><div class=\"elementor-element elementor-element-1df3ac0 elementor-widget elementor-widget-text-editor\" data-id=\"1df3ac0\" data-element_type=\"widget\" data-widget_type=\"text-editor.default\"><div class=\"elementor-widget-container\"><header class=\"clearfix\"><\/header><div><p>Information according to \u00a7 5 of the German Telemedia Act (TMG)\u00a0<\/p><p>QURV GmbH<br \/>Eck Street 26<br \/>66557 Illingen<\/p><p>Commercial Register: HRB 111964<\/p><p>Commercial Register: Local Court of Saarbr\u00fccken<\/p><p>Management: Julia Schmidt &amp; Sascha Ningel<\/p><p>Phone: 0049 1573 71 50 859<br \/>E-Mail: info@qurv.de<\/p><\/div><p>The imprint also applies to social media and other online presences.<\/p><p><strong>VAT identification number <\/strong><\/p><p>The VAT identification number according to \u00a7 27 a of the German VAT Act is: DE461130705.<\/p><p><strong>Brand Rights \u2013 QURV<\/strong><\/p><p>\u201eQURV\u201c is registered with the Patent and Trademark Office of the Federal Republic of Germany. The corresponding certificate from the Federal Republic of Germany is available.<\/p><h3><strong>Disclaimer<\/strong><\/h3><p><strong>Liability for content<\/strong><\/p><p>The content of our pages has been created with the utmost care. However, we cannot assume any liability for the accuracy, completeness, or up-to-dateness of the content. As a service provider, according to \u00a7 7 para. 1 TMG, we are responsible for our own content on these pages under general law. However, according to \u00a7\u00a7 8 to 10 TMG, as a service provider, we are not obligated to monitor third-party information that is transmitted or stored, or to investigate circumstances that indicate illegal activity. Obligations to remove or block the use of information under general law remain unaffected. However, liability in this regard is only possible from the point in time at which a specific legal infringement becomes known. If corresponding legal infringements become known, we will remove this content immediately.<\/p><p><strong>Liability for Links<\/strong><\/p><p>Our offer contains links to external websites of third parties, over whose content we have no influence. Therefore, we cannot assume any liability for these external contents. The respective provider or operator of the linked pages is always responsible for the content of the linked pages. The linked pages were checked for possible legal violations at the time of linking. Illegal content was not apparent at the time of linking. However, a permanent content check of the linked pages is not reasonable without concrete indications of a legal infringement. As soon as we become aware of legal infringements, we will remove such links immediately.<\/p><p><strong>Copyright<\/strong><\/p><p>The content and works created by the site operators on these pages are subject to German copyright law. Reproduction, processing, distribution, and any kind of exploitation outside the limits of copyright law require the written consent of the respective author or creator. Downloads and copies of this page are only permitted for private, non-commercial use. To the extent that the content on this page was not created by the operator, the copyrights of third parties are respected. In particular, third-party content is identified as such. Should you nevertheless become aware of a copyright infringement, we kindly request corresponding notification. Upon notification of violations, we will remove such content immediately.<\/p><\/div><\/div>\t\t\t\t\t\t\t\t<\/div>\n\t\t\t\t\t<\/div>\n\t\t\t\t<\/div>\n\t\t\t\t<\/div>","protected":false},"excerpt":{"rendered":"<p>Impressum Angaben gem\u00e4\u00df \u00a7 5 TMG\u00a0 QURV GmbHEckstra\u00dfe 2666557 Illingen Handelsregister: HRB 111964 Registergericht: Amtsgericht Saarbr\u00fccken Gesch\u00e4ftsf\u00fchrung: Julia Schmidt &amp; Sascha Ningel Telefon: 0049 1573 71 50 859E-Mail: info@qurv.de Das Impressum gilt auch f\u00fcr Soziale Medien und andere Onlinepr\u00e4senzen. Umsatzsteuer \u2013 Identifikationsnummer Die Umsatzsteuer \u2013 Identifikationsnummer gem\u00e4\u00df \u00a7 27 a Umsatzsteuergesetz lautet: DE461130705. Markenrechte \u2013&hellip;&nbsp;<\/p>","protected":false},"author":3,"featured_media":0,"parent":0,"menu_order":0,"comment_status":"closed","ping_status":"closed","template":"page-templates\/template-pagebuilder-full-width.php","meta":{"neve_meta_sidebar":"","neve_meta_container":"","neve_meta_enable_content_width":"","neve_meta_content_width":0,"neve_meta_title_alignment":"","neve_meta_author_avatar":"","neve_post_elements_order":"","neve_meta_disable_header":"","neve_meta_disable_footer":"","neve_meta_disable_title":"","footnotes":""},"class_list":["post-120","page","type-page","status-publish","hentry"],"yoast_head":"<!-- This site is optimized with the Yoast SEO plugin v27.5 - https:\/\/yoast.com\/product\/yoast-seo-wordpress\/ -->\n<title>Impressum - QURV - Das Band<\/title>\n<meta name=\"description\" content=\"QURV \u2013 Das Band ist ein Lifestyle Band. Es sitzt angenehm, wirkt edel und zieht den Blick an. Ein Must Have, das deinem Stil Ruhe und Pr\u00e4senz gibt.QURV \u2013 Das Band.\" \/>\n<meta name=\"robots\" content=\"index, follow, max-snippet:-1, max-image-preview:large, max-video-preview:-1\" \/>\n<link rel=\"canonical\" href=\"https:\/\/qurv.de\/en\/imprint\/\" \/>\n<meta property=\"og:locale\" content=\"en_US\" \/>\n<meta property=\"og:type\" content=\"article\" \/>\n<meta property=\"og:title\" content=\"Impressum - QURV - Das Band\" \/>\n<meta property=\"og:description\" content=\"QURV \u2013 Das Band ist ein Lifestyle Band. Es sitzt angenehm, wirkt edel und zieht den Blick an. Ein Must Have, das deinem Stil Ruhe und Pr\u00e4senz gibt.QURV \u2013 Das Band.\" \/>\n<meta property=\"og:url\" content=\"https:\/\/qurv.de\/en\/imprint\/\" \/>\n<meta property=\"og:site_name\" content=\"QURV - Das Band\" \/>\n<meta property=\"article:modified_time\" content=\"2026-04-05T18:40:51+00:00\" \/>\n<meta property=\"og:image\" content=\"https:\/\/qurv.de\/wp-content\/uploads\/sites\/5\/2025\/10\/PHOTO-2025-10-23-15-32-57-scaled.jpg\" \/>\n\t<meta property=\"og:image:width\" content=\"2560\" \/>\n\t<meta property=\"og:image:height\" content=\"1231\" \/>\n\t<meta property=\"og:image:type\" content=\"image\/jpeg\" \/>\n<meta name=\"twitter:card\" content=\"summary_large_image\" \/>\n<meta name=\"twitter:label1\" content=\"Est. reading time\" \/>\n\t<meta name=\"twitter:data1\" content=\"3 minutes\" \/>\n<script type=\"application\/ld+json\" class=\"yoast-schema-graph\">{\"@context\":\"https:\\\/\\\/schema.org\",\"@graph\":[{\"@type\":\"WebPage\",\"@id\":\"https:\\\/\\\/qurv.de\\\/impressum\\\/\",\"url\":\"https:\\\/\\\/qurv.de\\\/impressum\\\/\",\"name\":\"Impressum - QURV - Das Band\",\"isPartOf\":{\"@id\":\"https:\\\/\\\/qurv.de\\\/#website\"},\"datePublished\":\"2025-11-09T21:51:00+00:00\",\"dateModified\":\"2026-04-05T18:40:51+00:00\",\"description\":\"QURV \u2013 Das Band ist ein Lifestyle Band. Es sitzt angenehm, wirkt edel und zieht den Blick an. Ein Must Have, das deinem Stil Ruhe und Pr\u00e4senz gibt.QURV \u2013 Das Band.\",\"breadcrumb\":{\"@id\":\"https:\\\/\\\/qurv.de\\\/impressum\\\/#breadcrumb\"},\"inLanguage\":\"en-US\",\"potentialAction\":[{\"@type\":\"ReadAction\",\"target\":[\"https:\\\/\\\/qurv.de\\\/impressum\\\/\"]}]},{\"@type\":\"BreadcrumbList\",\"@id\":\"https:\\\/\\\/qurv.de\\\/impressum\\\/#breadcrumb\",\"itemListElement\":[{\"@type\":\"ListItem\",\"position\":1,\"name\":\"Startseite\",\"item\":\"https:\\\/\\\/qurv.de\\\/\"},{\"@type\":\"ListItem\",\"position\":2,\"name\":\"Impressum\"}]},{\"@type\":\"WebSite\",\"@id\":\"https:\\\/\\\/qurv.de\\\/#website\",\"url\":\"https:\\\/\\\/qurv.de\\\/\",\"name\":\"QURV - Das Band\",\"description\":\"\",\"publisher\":{\"@id\":\"https:\\\/\\\/qurv.de\\\/#organization\"},\"potentialAction\":[{\"@type\":\"SearchAction\",\"target\":{\"@type\":\"EntryPoint\",\"urlTemplate\":\"https:\\\/\\\/qurv.de\\\/?s={search_term_string}\"},\"query-input\":{\"@type\":\"PropertyValueSpecification\",\"valueRequired\":true,\"valueName\":\"search_term_string\"}}],\"inLanguage\":\"en-US\"},{\"@type\":\"Organization\",\"@id\":\"https:\\\/\\\/qurv.de\\\/#organization\",\"name\":\"QURV - Das Band\",\"url\":\"https:\\\/\\\/qurv.de\\\/\",\"logo\":{\"@type\":\"ImageObject\",\"inLanguage\":\"en-US\",\"@id\":\"https:\\\/\\\/qurv.de\\\/#\\\/schema\\\/logo\\\/image\\\/\",\"url\":\"https:\\\/\\\/qurv.de\\\/wp-content\\\/uploads\\\/sites\\\/5\\\/2025\\\/10\\\/PHOTO-2025-10-23-15-30-16-e1762728059460.jpg\",\"contentUrl\":\"https:\\\/\\\/qurv.de\\\/wp-content\\\/uploads\\\/sites\\\/5\\\/2025\\\/10\\\/PHOTO-2025-10-23-15-30-16-e1762728059460.jpg\",\"width\":826,\"height\":800,\"caption\":\"QURV - Das Band\"},\"image\":{\"@id\":\"https:\\\/\\\/qurv.de\\\/#\\\/schema\\\/logo\\\/image\\\/\"}}]}<\/script>\n<!-- \/ Yoast SEO plugin. -->","yoast_head_json":{"title":"Legal Notice - QURV - The Band","description":"QURV \u2013 The band is a lifestyle band. It sits comfortably, looks elegant, and attracts attention. A must-have that gives your style calm and presence. QURV \u2013 The band.","robots":{"index":"index","follow":"follow","max-snippet":"max-snippet:-1","max-image-preview":"max-image-preview:large","max-video-preview":"max-video-preview:-1"},"canonical":"https:\/\/qurv.de\/en\/imprint\/","og_locale":"en_US","og_type":"article","og_title":"Impressum - QURV - Das Band","og_description":"QURV \u2013 Das Band ist ein Lifestyle Band. Es sitzt angenehm, wirkt edel und zieht den Blick an. Ein Must Have, das deinem Stil Ruhe und Pr\u00e4senz gibt.QURV \u2013 Das Band.","og_url":"https:\/\/qurv.de\/en\/imprint\/","og_site_name":"QURV - Das Band","article_modified_time":"2026-04-05T18:40:51+00:00","og_image":[{"width":2560,"height":1231,"url":"https:\/\/qurv.de\/wp-content\/uploads\/sites\/5\/2025\/10\/PHOTO-2025-10-23-15-32-57-scaled.jpg","type":"image\/jpeg"}],"twitter_card":"summary_large_image","twitter_misc":{"Est. reading time":"3 minutes"},"schema":{"@context":"https:\/\/schema.org","@graph":[{"@type":"WebPage","@id":"https:\/\/qurv.de\/impressum\/","url":"https:\/\/qurv.de\/impressum\/","name":"Legal Notice - QURV - The Band","isPartOf":{"@id":"https:\/\/qurv.de\/#website"},"datePublished":"2025-11-09T21:51:00+00:00","dateModified":"2026-04-05T18:40:51+00:00","description":"QURV \u2013 The band is a lifestyle band. It sits comfortably, looks elegant, and attracts attention. A must-have that gives your style calm and presence. QURV \u2013 The band.","breadcrumb":{"@id":"https:\/\/qurv.de\/impressum\/#breadcrumb"},"inLanguage":"en-US","potentialAction":[{"@type":"ReadAction","target":["https:\/\/qurv.de\/impressum\/"]}]},{"@type":"BreadcrumbList","@id":"https:\/\/qurv.de\/impressum\/#breadcrumb","itemListElement":[{"@type":"ListItem","position":1,"name":"Startseite","item":"https:\/\/qurv.de\/"},{"@type":"ListItem","position":2,"name":"Impressum"}]},{"@type":"WebSite","@id":"https:\/\/qurv.de\/#website","url":"https:\/\/qurv.de\/","name":"QURV - The Band","description":"","publisher":{"@id":"https:\/\/qurv.de\/#organization"},"potentialAction":[{"@type":"SearchAction","target":{"@type":"EntryPoint","urlTemplate":"https:\/\/qurv.de\/?s={search_term_string}"},"query-input":{"@type":"PropertyValueSpecification","valueRequired":true,"valueName":"search_term_string"}}],"inLanguage":"en-US"},{"@type":"Organization","@id":"https:\/\/qurv.de\/#organization","name":"QURV - The Band","url":"https:\/\/qurv.de\/","logo":{"@type":"ImageObject","inLanguage":"en-US","@id":"https:\/\/qurv.de\/#\/schema\/logo\/image\/","url":"https:\/\/qurv.de\/wp-content\/uploads\/sites\/5\/2025\/10\/PHOTO-2025-10-23-15-30-16-e1762728059460.jpg","contentUrl":"https:\/\/qurv.de\/wp-content\/uploads\/sites\/5\/2025\/10\/PHOTO-2025-10-23-15-30-16-e1762728059460.jpg","width":826,"height":800,"caption":"QURV - Das Band"},"image":{"@id":"https:\/\/qurv.de\/#\/schema\/logo\/image\/"}}]}},"_links":{"self":[{"href":"https:\/\/qurv.de\/en\/wp-json\/wp\/v2\/pages\/120","targetHints":{"allow":["GET"]}}],"collection":[{"href":"https:\/\/qurv.de\/en\/wp-json\/wp\/v2\/pages"}],"about":[{"href":"https:\/\/qurv.de\/en\/wp-json\/wp\/v2\/types\/page"}],"author":[{"embeddable":true,"href":"https:\/\/qurv.de\/en\/wp-json\/wp\/v2\/users\/3"}],"replies":[{"embeddable":true,"href":"https:\/\/qurv.de\/en\/wp-json\/wp\/v2\/comments?post=120"}],"version-history":[{"count":41,"href":"https:\/\/qurv.de\/en\/wp-json\/wp\/v2\/pages\/120\/revisions"}],"predecessor-version":[{"id":746,"href":"https:\/\/qurv.de\/en\/wp-json\/wp\/v2\/pages\/120\/revisions\/746"}],"wp:attachment":[{"href":"https:\/\/qurv.de\/en\/wp-json\/wp\/v2\/media?parent=120"}],"curies":[{"name":"wp","href":"https:\/\/api.w.org\/{rel}","templated":true}]}}